{"id":5992,"date":"2019-06-24T14:53:23","date_gmt":"2019-06-24T12:53:23","guid":{"rendered":"http:\/\/lovechamois.hextra.cloud\/comment-sy-rendre\/"},"modified":"2022-04-22T10:48:51","modified_gmt":"2022-04-22T08:48:51","slug":"comment-sy-rendre","status":"publish","type":"page","link":"https:\/\/lovechamois.it\/fr\/comment-sy-rendre\/","title":{"rendered":"Comment s&#8217;y rendre"},"content":{"rendered":"<p>[et_pb_section fb_built=&#8221;1&#8243; _builder_version=&#8221;3.22&#8243; max_width_last_edited=&#8221;on|phone&#8221; custom_margin=&#8221;0px|||&#8221; custom_padding=&#8221;0px|0px|0px|0px&#8221;][et_pb_row use_custom_gutter=&#8221;on&#8221; gutter_width=&#8221;1&#8243; make_equal=&#8221;on&#8221; custom_padding_last_edited=&#8221;on|desktop&#8221; _builder_version=&#8221;3.25&#8243; width=&#8221;100%&#8221; max_width=&#8221;100%&#8221; module_alignment=&#8221;left&#8221; custom_margin_last_edited=&#8221;on|phone&#8221; custom_css_main_element=&#8221;width: 100%!important;&#8221; use_custom_width=&#8221;on&#8221; width_unit=&#8221;off&#8221; custom_width_percent=&#8221;100%&#8221;][et_pb_column type=&#8221;4_4&#8243; _builder_version=&#8221;3.0.47&#8243; background_color=&#8221;#ffffff&#8221; custom_padding=&#8221;60px|60px|60px|60px&#8221; custom_padding_tablet=&#8221;40px|40px|40px|40px&#8221; custom_padding_phone=&#8221;40px|5px|5px|5px&#8221; custom_padding_last_edited=&#8221;on|phone&#8221; custom_padding__hover=&#8221;|||&#8221;][et_pb_text admin_label=&#8221;COME ARRIVARE&#8221; _builder_version=&#8221;3.9&#8243; text_font_size=&#8221;40px&#8221; header_2_font=&#8221;|300|||||||&#8221; header_2_text_color=&#8221;#ffffff&#8221; header_2_font_size=&#8221;40px&#8221; custom_margin=&#8221;||60px|&#8221; header_font_size_tablet=&#8221;40px&#8221; header_font_size_phone=&#8221;30px&#8221; header_font_size_last_edited=&#8221;on|desktop&#8221; custom_css_main_element=&#8221;width:100%!important;&#8221;]<\/p>\n<h1>COMMENT S\u2019Y RENDRE<\/h1>\n<p>[\/et_pb_text][et_pb_text _builder_version=&#8221;3.26.6&#8243; custom_margin=&#8221;||30px|&#8221;]<\/p>\n<p><img loading=\"lazy\" decoding=\"async\" class=\"wp-image-11531 size-large aligncenter\" src=\"https:\/\/lovechamois.it\/wp-content\/uploads\/2022\/04\/10c0a032-c79c-4b46-a908-7fba94c18893-1024x724.jpg\" alt=\"\" width=\"1024\" height=\"724\" \/><\/p>\n<p>&nbsp;<\/p>\n<p>Chamois n\u2019est pas accessible en voiture, mais seulement par la t\u00e9l\u00e9cabine qui part de Buisson,<\/p>\n<p>hameau Antey-Saint-Andr\u00e9 (Aoste).<br \/>\nS\u00e9lectionnez Antey-Saint-Andr\u00e9-Buisson sur votre navigateur et\/ou g\u00e9olocalisateur.<\/p>\n<p>[\/et_pb_text][et_pb_divider _builder_version=&#8221;3.9&#8243;][\/et_pb_divider][et_pb_text admin_label=&#8221;AUTO&#8221; _builder_version=&#8221;3.9&#8243; text_text_color=&#8221;#ffffff&#8221; text_font_size=&#8221;20px&#8221; header_3_font_size=&#8221;20px&#8221; custom_margin=&#8221;30px||10px|&#8221; custom_margin_last_edited=&#8221;on|desktop&#8221; header_font_size_last_edited=&#8221;on|phone&#8221;]<\/p>\n<h3><span style=\"color: #324452;\">VOITURE<\/span><\/h3>\n<p>[\/et_pb_text][et_pb_text _builder_version=&#8221;3.9&#8243; custom_margin=&#8221;||30px|&#8221;]<\/p>\n<article class=\"grid_10\">Autoroute A5 (Torino-Aosta), sortie Ch\u00e2tillon. Suivez les indications pour Breuil-Cervinia, (SS 46 du Valtournenche). Prenez la route nationale sur 12 km, passez l\u2019agglom\u00e9ration d\u2019Antey-Saint-Andr\u00e9 et continuez jusqu\u2019\u00e0 Buisson. Au panneau Chamois-Funivia, tournez \u00e0 droite et garez-vous sur le parking de la t\u00e9l\u00e9cabine.Info: <a href=\"https:\/\/funiviachamois.it\" target=\"_blank\" rel=\"noopener\">funiviachamois.it<\/a><\/article>\n<p>[\/et_pb_text][et_pb_divider _builder_version=&#8221;3.9&#8243;][\/et_pb_divider][et_pb_text admin_label=&#8221;TRENO&#8221; _builder_version=&#8221;3.9&#8243; text_text_color=&#8221;#ffffff&#8221; text_font_size=&#8221;20px&#8221; header_3_font_size=&#8221;20px&#8221; custom_margin=&#8221;30px||10px|&#8221; custom_margin_last_edited=&#8221;on|desktop&#8221; header_font_size_last_edited=&#8221;on|phone&#8221;]<\/p>\n<h3><span style=\"color: #324452;\">TRAIN<br \/>\n<\/span><\/h3>\n<p>[\/et_pb_text][et_pb_text _builder_version=&#8221;3.9&#8243; custom_margin=&#8221;||30px|&#8221;]<\/p>\n<p>\nLigne ferroviaire Torino-Chivasso-Aosta, puis en car.<\/p>\n<p>Info: <a href=\"http:\/\/www.trenitalia.com\/tcom\/Treni-Regionali\/Valle-d%27Aosta\" target=\"_blank\" rel=\"noopener\">trenitalia.com<\/a><br \/>\n[\/et_pb_text][et_pb_divider _builder_version=&#8221;3.9&#8243;][\/et_pb_divider][et_pb_text admin_label=&#8221;AUTOBUS&#8221; _builder_version=&#8221;3.9&#8243; text_text_color=&#8221;#ffffff&#8221; text_font_size=&#8221;20px&#8221; header_3_font_size=&#8221;20px&#8221; custom_margin=&#8221;30px||10px|&#8221; custom_margin_last_edited=&#8221;on|desktop&#8221; header_font_size_last_edited=&#8221;on|phone&#8221;]<\/p>\n<h3><span style=\"color: #324452;\">AUTOBUS<br \/>\n<\/span><\/h3>\n<p>[\/et_pb_text][et_pb_text _builder_version=&#8221;3.9&#8243; custom_margin=&#8221;||30px|&#8221;]<\/p>\n<p>\nDe Milan, Turin, Aoste, itin\u00e9raires de plusieurs jours pour Valtournenche. Arr\u00eat au t\u00e9l\u00e9ph\u00e9rique du Buisson-Chamois.<\/p>\n<p>Info: <a href=\"http:\/\/www.savda.it\" target=\"_blank\" rel=\"noopener\">savda.it<\/a><\/p>\n<p>[\/et_pb_text][et_pb_text admin_label=&#8221;NAVETTA DALL&#8217;AEREOPORTO MILANO MALPENSA&#8221; _builder_version=&#8221;3.26.6&#8243; text_text_color=&#8221;#ffffff&#8221; text_font_size=&#8221;20px&#8221; header_3_font_size=&#8221;20px&#8221; custom_margin=&#8221;30px||10px|&#8221; custom_margin_last_edited=&#8221;on|desktop&#8221; header_font_size_last_edited=&#8221;on|phone&#8221;]<\/p>\n<h3><span style=\"color: #324452;\">NAVETTE DE L&#8217;A\u00c9ROPORT DE MILANO MALPENSA<\/span><\/h3>\n<p>[\/et_pb_text][et_pb_text admin_label=&#8221;Transfer Milano Malpensa &#8211; Chamois&#8221; _builder_version=&#8221;3.26.6&#8243; custom_margin=&#8221;||30px|&#8221; z_index_tablet=&#8221;500&#8243; text_text_shadow_horizontal_length_tablet=&#8221;0px&#8221; text_text_shadow_vertical_length_tablet=&#8221;0px&#8221; text_text_shadow_blur_strength_tablet=&#8221;1px&#8221; link_text_shadow_horizontal_length_tablet=&#8221;0px&#8221; link_text_shadow_vertical_length_tablet=&#8221;0px&#8221; link_text_shadow_blur_strength_tablet=&#8221;1px&#8221; ul_text_shadow_horizontal_length_tablet=&#8221;0px&#8221; ul_text_shadow_vertical_length_tablet=&#8221;0px&#8221; ul_text_shadow_blur_strength_tablet=&#8221;1px&#8221; ol_text_shadow_horizontal_length_tablet=&#8221;0px&#8221; ol_text_shadow_vertical_length_tablet=&#8221;0px&#8221; ol_text_shadow_blur_strength_tablet=&#8221;1px&#8221; quote_text_shadow_horizontal_length_tablet=&#8221;0px&#8221; quote_text_shadow_vertical_length_tablet=&#8221;0px&#8221; quote_text_shadow_blur_strength_tablet=&#8221;1px&#8221; header_text_shadow_horizontal_length_tablet=&#8221;0px&#8221; header_text_shadow_vertical_length_tablet=&#8221;0px&#8221; header_text_shadow_blur_strength_tablet=&#8221;1px&#8221; header_2_text_shadow_horizontal_length_tablet=&#8221;0px&#8221; header_2_text_shadow_vertical_length_tablet=&#8221;0px&#8221; header_2_text_shadow_blur_strength_tablet=&#8221;1px&#8221; header_3_text_shadow_horizontal_length_tablet=&#8221;0px&#8221; header_3_text_shadow_vertical_length_tablet=&#8221;0px&#8221; header_3_text_shadow_blur_strength_tablet=&#8221;1px&#8221; header_4_text_shadow_horizontal_length_tablet=&#8221;0px&#8221; header_4_text_shadow_vertical_length_tablet=&#8221;0px&#8221; header_4_text_shadow_blur_strength_tablet=&#8221;1px&#8221; header_5_text_shadow_horizontal_length_tablet=&#8221;0px&#8221; header_5_text_shadow_vertical_length_tablet=&#8221;0px&#8221; header_5_text_shadow_blur_strength_tablet=&#8221;1px&#8221; header_6_text_shadow_horizontal_length_tablet=&#8221;0px&#8221; header_6_text_shadow_vertical_length_tablet=&#8221;0px&#8221; header_6_text_shadow_blur_strength_tablet=&#8221;1px&#8221; box_shadow_horizontal_tablet=&#8221;0px&#8221; box_shadow_vertical_tablet=&#8221;0px&#8221; box_shadow_blur_tablet=&#8221;40px&#8221; box_shadow_spread_tablet=&#8221;0px&#8221;]TRANSFER-AOSTA-MILANO-MALPENSA<\/p>\n<p>Info: <a href=\"http:\/\/www.savda.it\" target=\"_blank\" rel=\"noopener\">savda.it<\/a><br \/>\n[\/et_pb_text][et_pb_divider _builder_version=&#8221;3.9&#8243;][\/et_pb_divider][et_pb_text admin_label=&#8221;A PIEDI&#8221; _builder_version=&#8221;3.9&#8243; text_text_color=&#8221;#ffffff&#8221; text_font_size=&#8221;20px&#8221; header_3_font_size=&#8221;20px&#8221; custom_margin=&#8221;30px||10px|&#8221; custom_margin_last_edited=&#8221;on|desktop&#8221; header_font_size_last_edited=&#8221;on|phone&#8221;]<\/p>\n<h3><span style=\"color: #324452;\">A&#8217; PIEDS<br \/>\n<\/span><\/h3>\n<p>[\/et_pb_text][et_pb_text _builder_version=&#8221;3.9&#8243; custom_margin=&#8221;||30px|&#8221;]<\/p>\n<p>\nDe Buisson, le long du chemin muletier historique par lequel on acc\u00e8de \u00e0 Chamois (environ 700 m\u00e8tres de d\u00e9nivel\u00e9, 93 tournants, dur\u00e9e de la mont\u00e9e 2 heures environ) ; de La Magdeleine hameau Veuillen avec une promenade confortable d\u2019environ 1 heure sur route en plaine ; de Cheneil sur balcon panoramique en 1h30 environ ; de Valtournenche hameau Cr\u00e9taz sur sentier de randonn\u00e9e, dur\u00e9e de la mont\u00e9e environ 2 heures.<\/p>\n<p>[\/et_pb_text][et_pb_divider _builder_version=&#8221;3.9&#8243;][\/et_pb_divider][et_pb_text admin_label=&#8221;IN BICICLETTA&#8221; _builder_version=&#8221;3.9&#8243; text_text_color=&#8221;#ffffff&#8221; text_font_size=&#8221;20px&#8221; header_3_font_size=&#8221;20px&#8221; custom_margin=&#8221;30px||10px|&#8221; custom_margin_last_edited=&#8221;on|desktop&#8221; header_font_size_last_edited=&#8221;on|phone&#8221;]<\/p>\n<h3><span style=\"color: #324452;\">EN BICYCLETTE<\/span><\/h3>\n<p>[\/et_pb_text][et_pb_text _builder_version=&#8221;3.9&#8243; custom_margin=&#8221;||30px|&#8221;]<\/p>\n<p>\nDepuis La Magdeleine, le parcours est facilement praticable aussi \u00e0 VTT.<\/p>\n<p>[\/et_pb_text][et_pb_divider _builder_version=&#8221;3.9&#8243;][\/et_pb_divider][et_pb_text admin_label=&#8221;MEZZI PRIVATI&#8221; _builder_version=&#8221;3.9&#8243; text_text_color=&#8221;#ffffff&#8221; text_font_size=&#8221;20px&#8221; header_3_font_size=&#8221;20px&#8221; custom_margin=&#8221;30px||10px|&#8221; custom_margin_last_edited=&#8221;on|desktop&#8221; header_font_size_last_edited=&#8221;on|phone&#8221;]<\/p>\n<h3><span style=\"color: #324452;\">V\u00c9HICULES PRIV\u00c9S<br \/>\n<\/span><\/h3>\n<p>[\/et_pb_text][et_pb_text _builder_version=&#8221;3.9&#8243; custom_margin=&#8221;||30px|&#8221;]<\/p>\n<p>\nSortie au p\u00e9age de Ch\u00e2tillon (autoroute A5), suivez les indications Valtournenche\/Breuil-Cervinia, arriv\u00e9s \u00e0 Antey-Saint-Andr\u00e9, laissez votre voiture \u00e0 Buisson, sur le parking de la t\u00e9l\u00e9cabine pour Chamois.<\/p>\n<p>[\/et_pb_text][et_pb_map address=&#8221;11020 Chamois AO, Italia&#8221; zoom_level=&#8221;7&#8243; address_lat=&#8221;45.23299029743061&#8243; address_lng=&#8221;8.50707101406249&#8243; mouse_wheel=&#8221;off&#8221; _builder_version=&#8221;3.9&#8243;][et_pb_map_pin title=&#8221;Turin&#8221; pin_address=&#8221;Torino TO, Italia&#8221; pin_address_lat=&#8221;45.0703393&#8243; pin_address_lng=&#8221;7.686864000000014&#8243; _builder_version=&#8221;3.9&#8243;]Turin<br \/>\n[\/et_pb_map_pin][et_pb_map_pin title=&#8221;Aoste&#8221; pin_address=&#8221;11100 Aosta AO, Italia&#8221; pin_address_lat=&#8221;45.7349551&#8243; pin_address_lng=&#8221;7.313076200000069&#8243; _builder_version=&#8221;3.9&#8243;]Aoste<br \/>\n[\/et_pb_map_pin][et_pb_map_pin title=&#8221;Milan&#8221; pin_address=&#8221;Milano MI, Italia&#8221; pin_address_lat=&#8221;45.4642035&#8243; pin_address_lng=&#8221;9.189981999999986&#8243; _builder_version=&#8221;3.9&#8243;]Milan<br \/>\n[\/et_pb_map_pin][et_pb_map_pin title=&#8221;G\u00eanes&#8221; pin_address=&#8221;Genova GE, Italia&#8221; pin_address_lat=&#8221;44.4056499&#8243; pin_address_lng=&#8221;8.946255999999948&#8243; _builder_version=&#8221;3.9&#8243;]G\u00eanes<br \/>\n[\/et_pb_map_pin][et_pb_map_pin title=&#8221;Chamois&#8221; pin_address=&#8221;11020 Chamois AO, Italia&#8221; pin_address_lat=&#8221;45.8370883&#8243; pin_address_lng=&#8221;7.62267159999999&#8243; _builder_version=&#8221;3.9&#8243; db_start_open=&#8221;on&#8221;]Commune de Chamois<br \/>\n[\/et_pb_map_pin][\/et_pb_map][et_pb_divider _builder_version=&#8221;3.9&#8243;][\/et_pb_divider][et_pb_text admin_label=&#8221;AEREO&#8221; _builder_version=&#8221;3.9&#8243; text_text_color=&#8221;#ffffff&#8221; text_font_size=&#8221;20px&#8221; header_3_font_size=&#8221;20px&#8221; custom_margin=&#8221;30px||10px|&#8221; custom_margin_last_edited=&#8221;on|desktop&#8221; header_font_size_last_edited=&#8221;on|phone&#8221;]<\/p>\n<h3>AVION<span style=\"color: #324452;\"><br \/>\n<\/span><\/h3>\n<p>[\/et_pb_text][et_pb_text _builder_version=&#8221;3.26.6&#8243; custom_margin=&#8221;||30px|&#8221;]<\/p>\n<p>A\u00e9roport de Aoste <a href=\"http:\/\/www.lovevda.it\/it\/arrivare\/in-aereo\/aeroporto-aosta\" target=\"_blank\" rel=\"noopener noreferrer\">www.lovevda.it<\/a><br \/>\nA\u00e9roport de Torino Caselle <a href=\"http:\/\/www.aeroportoditorino.it\" target=\"_blank\" rel=\"noopener noreferrer\">www.aeroportoditorino.it<\/a><br \/>\nA\u00e9roport de Milan <a href=\"http:\/\/www.seamilano.eu\/it\" target=\"_blank\" rel=\"noopener noreferrer\">www.seamilano.eu<\/a><br \/>\nA\u00e9roport de Gen\u00e8vea <a href=\"http:\/\/www.gva.ch\" target=\"_blank\" rel=\"noopener noreferrer\">www.gva.ch<\/a><\/p>\n<p>[\/et_pb_text][et_pb_divider _builder_version=&#8221;3.9&#8243;][\/et_pb_divider][et_pb_text admin_label=&#8221;AEREI PRIVATI&#8221; _builder_version=&#8221;3.9&#8243; text_text_color=&#8221;#ffffff&#8221; text_font_size=&#8221;20px&#8221; header_3_font_size=&#8221;20px&#8221; custom_margin=&#8221;30px||10px|&#8221; custom_margin_last_edited=&#8221;on|desktop&#8221; header_font_size_last_edited=&#8221;on|phone&#8221;]<\/p>\n<h3>AVION PRIV\u00c9<span style=\"color: #324452;\"><br \/>\n<\/span><\/h3>\n<p>[\/et_pb_text][et_pb_text _builder_version=&#8221;3.26.6&#8243; custom_margin=&#8221;||30px|&#8221;]<\/p>\n<p>Chamois poss\u00e8de un port de haute altitude, construit en 1967, le premier port de montagne en Italie. Ouvert \u00e9t\u00e9 et hiver, g\u00e9r\u00e9 par l&#8217;Association Altiporto de Chamois<br \/>\nInfo: Luca Fini<br \/>\nCell. <a href=\"callto:+393472610180\">+39 347 2610180<\/a><br \/>\n<a href=\"mailto:lucafini68@gmail.com\">lucafini68@gmail.com<\/a><\/p>\n<p>[\/et_pb_text][et_pb_divider _builder_version=&#8221;3.9&#8243;][\/et_pb_divider][et_pb_text admin_label=&#8221;PICCOLI AEREI DA TURISMO&#8221; _builder_version=&#8221;3.9&#8243; text_text_color=&#8221;#ffffff&#8221; text_font_size=&#8221;20px&#8221; header_3_font_size=&#8221;20px&#8221; custom_margin=&#8221;30px||10px|&#8221; custom_margin_last_edited=&#8221;on|desktop&#8221; header_font_size_last_edited=&#8221;on|phone&#8221;]<\/p>\n<h3>PETITS AVIONS DE TOURISME<\/h3>\n<p>[\/et_pb_text][et_pb_text _builder_version=&#8221;3.26.6&#8243; custom_margin=&#8221;||30px|&#8221;]<\/p>\n<p>L&#8217;a\u00e9rodrome, le premier en Italie \u00e0 avoir \u00e9t\u00e9 construit en 1967, est l&#8217;a\u00e9rodrome de montagne le plus fr\u00e9quent\u00e9 de la Vall\u00e9e d&#8217;Aoste, \u00e9t\u00e9 comme hiver, gr\u00e2ce \u00e0 sa position id\u00e9ale en termes d&#8217;accessibilit\u00e9.\n<\/p>\n<p>L&#8217;a\u00e9rodrome est g\u00e9r\u00e9 par l&#8217;Associazione Altiporto di Chamois. Avant d&#8217;atterrir, veuillez contacter le g\u00e9rant, M. Luca FINI au num\u00e9ro +39 347 2610180.<\/p>\n<p>Les visiteurs sont pri\u00e9s de ne pas encombrer la piste et de ne pas pique-niquer.<\/p>\n<p>[\/et_pb_text][et_pb_code locked=&#8221;on&#8221;]\n\n\n<div id=\"wpv-view-layout-530-TCPID5992\" class=\"js-wpv-view-layout js-wpv-layout-responsive js-wpv-view-layout-530-TCPID5992\" data-viewnumber=\"530-TCPID5992\" data-pagination=\"{&quot;id&quot;:530,&quot;query&quot;:&quot;normal&quot;,&quot;type&quot;:&quot;disabled&quot;,&quot;effect&quot;:&quot;fade&quot;,&quot;duration&quot;:500,&quot;speed&quot;:5,&quot;pause_on_hover&quot;:&quot;disabled&quot;,&quot;stop_rollover&quot;:&quot;false&quot;,&quot;cache_pages&quot;:&quot;enabled&quot;,&quot;preload_images&quot;:&quot;enabled&quot;,&quot;preload_pages&quot;:&quot;enabled&quot;,&quot;preload_reach&quot;:1,&quot;spinner&quot;:&quot;builtin&quot;,&quot;spinner_image&quot;:&quot;https:\/\/lovechamois.it\/wp-content\/plugins\/wp-views\/embedded\/res\/img\/ajax-loader.gif&quot;,&quot;callback_next&quot;:&quot;&quot;,&quot;manage_history&quot;:&quot;enabled&quot;,&quot;has_controls_in_form&quot;:&quot;disabled&quot;,&quot;infinite_tolerance&quot;:&quot;0&quot;,&quot;max_pages&quot;:0,&quot;page&quot;:1,&quot;base_permalink&quot;:&quot;\/fr\/wp-json\/wp\/v2\/pages\/5992?wpv_view_count=530-TCPID5992&amp;wpv_paged=WPV_PAGE_NUM&quot;,&quot;loop&quot;:{&quot;type&quot;:&quot;&quot;,&quot;name&quot;:&quot;&quot;,&quot;data&quot;:[],&quot;id&quot;:0}}\" data-permalink=\"\/fr\/wp-json\/wp\/v2\/pages\/5992?wpv_view_count=530-TCPID5992\">\n\n\t\n\t\n\t\t<script>\n\t\t\t\/*\n          \tjQuery(document).ready(function(){\n          \t\tjQuery('.blocco-allegati').hide();\n          \t\tif (jQuery('.blocco-links').css('display') == 'none' && jQuery('.blocco-allegati').css('display') == 'none') {\n          \t\t\tjQuery('#separatore').hide();\n          \t\t}\n          \t});\n          \t*\/\n\t\t<\/script>\n\t\n<\/div>\n[\/et_pb_code][\/et_pb_column][\/et_pb_row][\/et_pb_section]<\/p>\n","protected":false},"excerpt":{"rendered":"<p>Itin\u00e9raire pour se rendre \u00e0 Chamois <\/p>\n","protected":false},"author":1,"featured_media":5972,"parent":0,"menu_order":0,"comment_status":"closed","ping_status":"open","template":"","meta":{"_et_pb_use_builder":"o","_et_pb_old_content":"","footnotes":""},"class_list":["post-5992","page","type-page","status-publish","has-post-thumbnail","hentry"],"_links":{"self":[{"href":"https:\/\/lovechamois.it\/fr\/wp-json\/wp\/v2\/pages\/5992"}],"collection":[{"href":"https:\/\/lovechamois.it\/fr\/wp-json\/wp\/v2\/pages"}],"about":[{"href":"https:\/\/lovechamois.it\/fr\/wp-json\/wp\/v2\/types\/page"}],"author":[{"embeddable":true,"href":"https:\/\/lovechamois.it\/fr\/wp-json\/wp\/v2\/users\/1"}],"replies":[{"embeddable":true,"href":"https:\/\/lovechamois.it\/fr\/wp-json\/wp\/v2\/comments?post=5992"}],"version-history":[{"count":8,"href":"https:\/\/lovechamois.it\/fr\/wp-json\/wp\/v2\/pages\/5992\/revisions"}],"predecessor-version":[{"id":11596,"href":"https:\/\/lovechamois.it\/fr\/wp-json\/wp\/v2\/pages\/5992\/revisions\/11596"}],"wp:featuredmedia":[{"embeddable":true,"href":"https:\/\/lovechamois.it\/fr\/wp-json\/wp\/v2\/media\/5972"}],"wp:attachment":[{"href":"https:\/\/lovechamois.it\/fr\/wp-json\/wp\/v2\/media?parent=5992"}],"curies":[{"name":"wp","href":"https:\/\/api.w.org\/{rel}","templated":true}]}}