{"id":5990,"date":"2019-06-24T14:47:30","date_gmt":"2019-06-24T12:47:30","guid":{"rendered":"http:\/\/lovechamois.hextra.cloud\/alpine-pearls\/"},"modified":"2022-04-22T10:59:31","modified_gmt":"2022-04-22T08:59:31","slug":"alpine-pearls","status":"publish","type":"page","link":"https:\/\/lovechamois.it\/fr\/alpine-pearls\/","title":{"rendered":"Alpine Pearls"},"content":{"rendered":"<p>[et_pb_section fb_built=&#8221;1&#8243; _builder_version=&#8221;3.22&#8243; max_width_last_edited=&#8221;on|phone&#8221; custom_margin=&#8221;0px|||&#8221; custom_padding=&#8221;0px|0px|0px|0px&#8221;][et_pb_row use_custom_gutter=&#8221;on&#8221; gutter_width=&#8221;1&#8243; make_equal=&#8221;on&#8221; custom_padding_last_edited=&#8221;on|desktop&#8221; _builder_version=&#8221;3.25&#8243; width=&#8221;100%&#8221; max_width=&#8221;100%&#8221; module_alignment=&#8221;left&#8221; custom_margin_last_edited=&#8221;on|phone&#8221; custom_css_main_element=&#8221;width: 100%!important;&#8221; use_custom_width=&#8221;on&#8221; width_unit=&#8221;off&#8221; custom_width_percent=&#8221;100%&#8221;][et_pb_column type=&#8221;4_4&#8243; _builder_version=&#8221;3.25&#8243; background_color=&#8221;#ffffff&#8221; custom_padding=&#8221;60px|60px|60px|60px&#8221; custom_padding_tablet=&#8221;40px|40px|40px|40px&#8221; custom_padding_phone=&#8221;40px|5px|5px|5px&#8221; custom_padding_last_edited=&#8221;on|phone&#8221; custom_padding__hover=&#8221;|||&#8221;][et_pb_text admin_label=&#8221;CHAMOIS PERLA DELLE ALPI&#8221; _builder_version=&#8221;3.9&#8243; text_font_size=&#8221;40px&#8221; header_2_font=&#8221;|300|||||||&#8221; header_2_text_color=&#8221;#ffffff&#8221; header_2_font_size=&#8221;40px&#8221; custom_margin=&#8221;||60px|&#8221; header_font_size_tablet=&#8221;40px&#8221; header_font_size_phone=&#8221;30px&#8221; header_font_size_last_edited=&#8221;on|desktop&#8221; custom_css_main_element=&#8221;width:100%!important;&#8221;]<\/p>\n<h1>CHAMOIS PERLE DES ALPES<\/h1>\n<p>[\/et_pb_text][et_pb_text _builder_version=&#8221;3.26.6&#8243; custom_margin=&#8221;||60px|&#8221; link_option_url=&#8221;https:\/\/www.alpine-pearls.com\/it\/le-nostre-localita\/italia\/chamois-la-magdeleine\/&#8221; link_option_url_new_window=&#8221;on&#8221;]<\/p>\n<p>Chamois fait partie, avec La Magdeleine, du prestigieux circuit\u00a0<em>Perla delle Alpi- Alpine Pearls<\/em>, le r\u00e9seau des lieux de vacances alpins qui ont pour d\u00e9nominateur commun la durabilit\u00e9 et la mobilit\u00e9 douce.\u00a0<em>Alpine Pearls<\/em>\u00a0r\u00e9unit 25 localit\u00e9s dans 6 pays de l\u2019arc alpin : l\u2019Italie, la France, la Suisse, l\u2019Allemagne, l\u2019Autriche, la Slov\u00e9nie.<\/p>\n<p>&nbsp;<\/p>\n<p>[\/et_pb_text][et_pb_image src=&#8221;http:\/\/lovechamois.it\/wp-content\/uploads\/2018\/09\/come-arrivare-a-chamois.jpg&#8221; align_tablet=&#8221;center&#8221; align_last_edited=&#8221;on|desktop&#8221; _builder_version=&#8221;3.26.6&#8243; admin_label=&#8221;Immagine&#8221;][\/et_pb_image][\/et_pb_column][\/et_pb_row][\/et_pb_section]<\/p>\n","protected":false},"excerpt":{"rendered":"<p>[et_pb_section fb_built=&#8221;1&#8243; _builder_version=&#8221;3.22&#8243; max_width_last_edited=&#8221;on|phone&#8221; custom_margin=&#8221;0px|||&#8221; custom_padding=&#8221;0px|0px|0px|0px&#8221;][et_pb_row use_custom_gutter=&#8221;on&#8221; gutter_width=&#8221;1&#8243; make_equal=&#8221;on&#8221; custom_padding_last_edited=&#8221;on|desktop&#8221; _builder_version=&#8221;3.25&#8243; width=&#8221;100%&#8221; max_width=&#8221;100%&#8221; module_alignment=&#8221;left&#8221; custom_margin_last_edited=&#8221;on|phone&#8221; custom_css_main_element=&#8221;width: 100%!important;&#8221; use_custom_width=&#8221;on&#8221; width_unit=&#8221;off&#8221; custom_width_percent=&#8221;100%&#8221;][et_pb_column type=&#8221;4_4&#8243; _builder_version=&#8221;3.25&#8243; background_color=&#8221;#ffffff&#8221; custom_padding=&#8221;60px|60px|60px|60px&#8221; custom_padding_tablet=&#8221;40px|40px|40px|40px&#8221; custom_padding_phone=&#8221;40px|5px|5px|5px&#8221; custom_padding_last_edited=&#8221;on|phone&#8221; custom_padding__hover=&#8221;|||&#8221;][et_pb_text admin_label=&#8221;CHAMOIS PERLA DELLE ALPI&#8221; _builder_version=&#8221;3.9&#8243; text_font_size=&#8221;40px&#8221; header_2_font=&#8221;|300|||||||&#8221; header_2_text_color=&#8221;#ffffff&#8221; header_2_font_size=&#8221;40px&#8221; custom_margin=&#8221;||60px|&#8221; header_font_size_tablet=&#8221;40px&#8221; header_font_size_phone=&#8221;30px&#8221; header_font_size_last_edited=&#8221;on|desktop&#8221; custom_css_main_element=&#8221;width:100%!important;&#8221;] CHAMOIS PERLE DES ALPES [\/et_pb_text][et_pb_text _builder_version=&#8221;3.26.6&#8243; custom_margin=&#8221;||60px|&#8221; link_option_url=&#8221;https:\/\/www.alpine-pearls.com\/it\/le-nostre-localita\/italia\/chamois-la-magdeleine\/&#8221; link_option_url_new_window=&#8221;on&#8221;] Chamois fait partie, avec [&hellip;]<\/p>\n","protected":false},"author":1,"featured_media":10544,"parent":0,"menu_order":0,"comment_status":"closed","ping_status":"open","template":"","meta":{"_et_pb_use_builder":"o","_et_pb_old_content":"","footnotes":""},"class_list":["post-5990","page","type-page","status-publish","has-post-thumbnail","hentry"],"_links":{"self":[{"href":"https:\/\/lovechamois.it\/fr\/wp-json\/wp\/v2\/pages\/5990"}],"collection":[{"href":"https:\/\/lovechamois.it\/fr\/wp-json\/wp\/v2\/pages"}],"about":[{"href":"https:\/\/lovechamois.it\/fr\/wp-json\/wp\/v2\/types\/page"}],"author":[{"embeddable":true,"href":"https:\/\/lovechamois.it\/fr\/wp-json\/wp\/v2\/users\/1"}],"replies":[{"embeddable":true,"href":"https:\/\/lovechamois.it\/fr\/wp-json\/wp\/v2\/comments?post=5990"}],"version-history":[{"count":8,"href":"https:\/\/lovechamois.it\/fr\/wp-json\/wp\/v2\/pages\/5990\/revisions"}],"predecessor-version":[{"id":11611,"href":"https:\/\/lovechamois.it\/fr\/wp-json\/wp\/v2\/pages\/5990\/revisions\/11611"}],"wp:featuredmedia":[{"embeddable":true,"href":"https:\/\/lovechamois.it\/fr\/wp-json\/wp\/v2\/media\/10544"}],"wp:attachment":[{"href":"https:\/\/lovechamois.it\/fr\/wp-json\/wp\/v2\/media?parent=5990"}],"curies":[{"name":"wp","href":"https:\/\/api.w.org\/{rel}","templated":true}]}}