{"id":5952,"date":"2019-06-24T14:25:11","date_gmt":"2019-06-24T12:25:11","guid":{"rendered":"http:\/\/lovechamois.hextra.cloud\/au-premier-plan\/"},"modified":"2023-12-16T15:43:05","modified_gmt":"2023-12-16T14:43:05","slug":"au-premier-plan","status":"publish","type":"page","link":"https:\/\/lovechamois.it\/fr\/au-premier-plan\/","title":{"rendered":"Au premier plan"},"content":{"rendered":"<p>[et_pb_section fb_built=&#8221;1&#8243; _builder_version=&#8221;3.22&#8243; admin_label=&#8221;Sezione&#8221;][et_pb_row _builder_version=&#8221;3.25&#8243; background_size=&#8221;initial&#8221; background_position=&#8221;top_left&#8221; background_repeat=&#8221;repeat&#8221;][et_pb_column type=&#8221;4_4&#8243; _builder_version=&#8221;3.25&#8243; custom_padding=&#8221;|||&#8221; custom_padding__hover=&#8221;|||&#8221;][et_pb_text admin_label=&#8221;Testo&#8221; _builder_version=&#8221;3.26.6&#8243; custom_margin=&#8221;||40px|&#8221;][\/et_pb_text][et_pb_code locked=&#8221;on&#8221;]<form autocomplete=\"off\" name=\"wpv-filter-697\" action=\"\/fr\/wp-json\/wp\/v2\/pages\/5952?wpv_view_count=697\" method=\"get\" class=\"wpv-filter-form js-wpv-filter-form js-wpv-filter-form-697 js-wpv-form-full js-wpv-dps-enabled js-wpv-ajax-results-enabled\" data-viewnumber=\"697\" data-viewid=\"697\" data-viewhash=\"eyJuYW1lIjoiYXJjaGl2aW8tb2ZmZXJ0ZSJ9\" data-viewwidgetid=\"0\" data-orderby=\"\" data-order=\"\" data-orderbyas=\"\" data-orderbysecond=\"\" data-ordersecond=\"\" data-parametric=\"{&quot;query&quot;:&quot;normal&quot;,&quot;id&quot;:697,&quot;view_id&quot;:697,&quot;widget_id&quot;:0,&quot;view_hash&quot;:&quot;697&quot;,&quot;action&quot;:&quot;\\\/fr\\\/wp-json\\\/wp\\\/v2\\\/pages\\\/5952?wpv_view_count=697&quot;,&quot;sort&quot;:{&quot;orderby&quot;:&quot;&quot;,&quot;order&quot;:&quot;&quot;,&quot;orderby_as&quot;:&quot;&quot;,&quot;orderby_second&quot;:&quot;&quot;,&quot;order_second&quot;:&quot;&quot;},&quot;orderby&quot;:&quot;&quot;,&quot;order&quot;:&quot;&quot;,&quot;orderby_as&quot;:&quot;&quot;,&quot;orderby_second&quot;:&quot;&quot;,&quot;order_second&quot;:&quot;&quot;,&quot;ajax_form&quot;:&quot;&quot;,&quot;ajax_results&quot;:&quot;&quot;,&quot;effect&quot;:&quot;fade&quot;,&quot;prebefore&quot;:&quot;&quot;,&quot;before&quot;:&quot;&quot;,&quot;after&quot;:&quot;&quot;,&quot;attributes&quot;:[],&quot;environment&quot;:{&quot;current_post_id&quot;:5952,&quot;parent_post_id&quot;:5952,&quot;parent_term_id&quot;:0,&quot;parent_user_id&quot;:0,&quot;archive&quot;:{&quot;type&quot;:&quot;&quot;,&quot;name&quot;:&quot;&quot;,&quot;data&quot;:[]}},&quot;loop&quot;:{&quot;type&quot;:&quot;&quot;,&quot;name&quot;:&quot;&quot;,&quot;data&quot;:[],&quot;id&quot;:0}}\" data-attributes=\"[]\" data-environment=\"{&quot;current_post_id&quot;:5952,&quot;parent_post_id&quot;:5952,&quot;parent_term_id&quot;:0,&quot;parent_user_id&quot;:0,&quot;archive&quot;:{&quot;type&quot;:&quot;&quot;,&quot;name&quot;:&quot;&quot;,&quot;data&quot;:[]}}\"><input type=\"hidden\" class=\"js-wpv-dps-filter-data js-wpv-filter-data-for-this-form\" data-action=\"\/fr\/wp-json\/wp\/v2\/pages\/5952?wpv_view_count=697\" data-page=\"1\" data-ajax=\"enable\" data-effect=\"fade\" data-maxpages=\"0\" data-ajaxprebefore=\"\" data-ajaxbefore=\"\" data-ajaxafter=\"\" \/><input class=\"wpv_view_count wpv_view_count-697\" type=\"hidden\" name=\"wpv_view_count\" value=\"697\" \/>\n\n<div class=\"form-group\" style=\"margin-bottom:40px;\">\n\t<select id=\"wpv_control_select_wpcf-stagione\" name=\"stagione\" class=\"js-wpv-filter-trigger form-control\" style=\"display:inline-block;width:200px\"><option value=\"\" selected=\"selected\">Tutte<\/option><option value=\"1\">\u00c9t\u00e9<\/option><option value=\"3\">Hiver<\/option><option value=\"2\">Toute l'ann\u00e9e<\/option><\/select>\n\t<span style=\"display:none\" class=\"js-wpv-dps-spinner\"><img decoding=\"async\" src=\"https:\/\/lovechamois.it\/wp-content\/plugins\/wp-views\/embedded\/res\/img\/ajax-loader4.gif\" \/><\/span>\n<\/div>\n\n<\/form>\n<div id=\"wpv-view-layout-697\" class=\"js-wpv-view-layout js-wpv-layout-responsive js-wpv-view-layout-697\" data-viewnumber=\"697\" data-pagination=\"{&quot;id&quot;:697,&quot;query&quot;:&quot;normal&quot;,&quot;type&quot;:&quot;disabled&quot;,&quot;effect&quot;:&quot;fade&quot;,&quot;duration&quot;:500,&quot;speed&quot;:5,&quot;pause_on_hover&quot;:&quot;disabled&quot;,&quot;stop_rollover&quot;:&quot;false&quot;,&quot;cache_pages&quot;:&quot;enabled&quot;,&quot;preload_images&quot;:&quot;enabled&quot;,&quot;preload_pages&quot;:&quot;enabled&quot;,&quot;preload_reach&quot;:1,&quot;spinner&quot;:&quot;builtin&quot;,&quot;spinner_image&quot;:&quot;https:\/\/lovechamois.it\/wp-content\/plugins\/wp-views\/embedded\/res\/img\/ajax-loader.gif&quot;,&quot;callback_next&quot;:&quot;&quot;,&quot;manage_history&quot;:&quot;enabled&quot;,&quot;has_controls_in_form&quot;:&quot;disabled&quot;,&quot;infinite_tolerance&quot;:&quot;0&quot;,&quot;max_pages&quot;:0,&quot;page&quot;:1,&quot;base_permalink&quot;:&quot;\/fr\/wp-json\/wp\/v2\/pages\/5952?wpv_view_count=697&amp;wpv_paged=WPV_PAGE_NUM&quot;,&quot;loop&quot;:{&quot;type&quot;:&quot;&quot;,&quot;name&quot;:&quot;&quot;,&quot;data&quot;:[],&quot;id&quot;:0}}\" data-permalink=\"\/fr\/wp-json\/wp\/v2\/pages\/5952?wpv_view_count=697\">\n\n\t\n\t\n      \n        <div class=\"offerta-list\"><div style=\"background: url(https:\/\/lovechamois.it\/wp-content\/uploads\/2018\/07\/08-altiporto-chamois.jpg);background-size:cover\" class=\"offerta-list-int\">\n  <div class=\"offerta-list-inner\">\n\t<h2><a href=\"https:\/\/lovechamois.it\/fr\/offerta\/laltiporto-di-chamois-il-piu-antico-ditalia\/\">L&#8217;altiporto di Chamois, il pi\u00f9 antico d&#8217;Italia<\/a><\/h2>\n\t<h3>a 1815m slm<\/h3>\n\t<p><\/p>\n\t<a class=\"et_pb_button c2a\" href=\"https:\/\/lovechamois.it\/fr\/offerta\/laltiporto-di-chamois-il-piu-antico-ditalia\/\">GUARDA<\/a>\n  <\/div>\n<\/div><\/div>\n      \n        <div class=\"offerta-list\"><div style=\"background: url(https:\/\/lovechamois.it\/wp-content\/uploads\/2020\/07\/SEGGIOVIA-1-e1619715632391-800x500.jpg);background-size:cover\" class=\"offerta-list-int\">\n  <div class=\"offerta-list-inner\">\n\t<h2><a href=\"https:\/\/lovechamois.it\/fr\/offerta\/aperture-seggiovie-impianti-inverno-2025-2026\/\">SEGGIOVIE &#8211; APERTURE ESTATE 2026<\/a><\/h2>\n\t<h3>LE APERTURE ESTIVE DEGLI IMPIANTI DI RISALITA.<\/h3>\n\t<p>LE APERTURE INVERNALI DEGLI IMPIANTI DI RISALITA.<\/p>\n\t<a class=\"et_pb_button c2a\" href=\"https:\/\/lovechamois.it\/fr\/offerta\/aperture-seggiovie-impianti-inverno-2025-2026\/\">INFO<\/a>\n  <\/div>\n<\/div><\/div>\n      \n        <div class=\"offerta-list\"><div style=\"background: url(https:\/\/lovechamois.it\/wp-content\/uploads\/2025\/01\/signore-degli-anelli-ciaspole-800x500.png);background-size:cover\" class=\"offerta-list-int\">\n  <div class=\"offerta-list-inner\">\n\t<h2><a href=\"https:\/\/lovechamois.it\/fr\/offerta\/le-seigneur-des-anneaux\/\">Le &#8220;Seigneur des Anneaux&#8221;<\/a><\/h2>\n\t<h3>20 km de silence assourdissant entre Chamois et La Magdeleine avec raquettes et ski nordique<\/h3>\n\t<p><\/p>\n\t<a class=\"et_pb_button c2a\" href=\"https:\/\/lovechamois.it\/fr\/offerta\/le-seigneur-des-anneaux\/\">INFO<\/a>\n  <\/div>\n<\/div><\/div>\n      \n        <div class=\"offerta-list\"><div style=\"background: url(https:\/\/lovechamois.it\/wp-content\/uploads\/2021\/11\/camera-ga7072be68_1920-800x500.jpg);background-size:cover\" class=\"offerta-list-int\">\n  <div class=\"offerta-list-inner\">\n\t<h2><a href=\"https:\/\/lovechamois.it\/fr\/offerta\/la-vostra-chamois\/\">La vostra Chamois<\/a><\/h2>\n\t<h3>Rassegna di video su Youtube<\/h3>\n\t<p><\/p>\n\t<a class=\"et_pb_button c2a\" href=\"https:\/\/lovechamois.it\/fr\/offerta\/la-vostra-chamois\/\">GUARDA<\/a>\n  <\/div>\n<\/div><\/div>\n      \n        <div class=\"offerta-list\"><div style=\"background: url(https:\/\/lovechamois.it\/wp-content\/uploads\/2018\/07\/IMG_1947_8_9-IMG_1965_6_7-wpcf_800x500.jpg);background-size:cover\" class=\"offerta-list-int\">\n  <div class=\"offerta-list-inner\">\n\t<h2><a href=\"https:\/\/lovechamois.it\/fr\/offerta\/le-point-sublime\/\">Le Point Sublime<\/a><\/h2>\n\t<h3>UNE EXTRAORDINAIRE VUE SUR LE CERVIN<\/h3>\n\t<p>Le Cervin comme vous ne l&#8217;avez jamais vu.<\/p>\n\t<a class=\"et_pb_button c2a\" href=\"https:\/\/lovechamois.it\/fr\/offerta\/le-point-sublime\/\">UN COUP D'\u0152UIL<\/a>\n  <\/div>\n<\/div><\/div>\n      \n        <div class=\"offerta-list\"><div style=\"background: url(https:\/\/lovechamois.it\/wp-content\/uploads\/2020\/04\/Ducly-Filippo-Composizione-800x500.jpg);background-size:cover\" class=\"offerta-list-int\">\n  <div class=\"offerta-list-inner\">\n\t<h2><a href=\"https:\/\/lovechamois.it\/fr\/offerta\/chamois-toute-lannee\/\">Chamois toute l&#8217;ann\u00e9e<\/a><\/h2>\n\t<h3>Pour continuer \u00e0 r\u00eaver<\/h3>\n\t<p><\/p>\n\t<a class=\"et_pb_button c2a\" href=\"https:\/\/lovechamois.it\/fr\/offerta\/chamois-toute-lannee\/\">UN COUP D'\u0152UIL<\/a>\n  <\/div>\n<\/div><\/div>\n      \n        <div class=\"offerta-list\"><div style=\"background: url(https:\/\/lovechamois.it\/wp-content\/uploads\/2024\/09\/P1162996-800x500.jpg);background-size:cover\" class=\"offerta-list-int\">\n  <div class=\"offerta-list-inner\">\n\t<h2><a href=\"https:\/\/lovechamois.it\/fr\/offerta\/telepherique-buisson-chamois\/\">Le t\u00e9l\u00e9ph\u00e9rique Buisson-Chamois<\/a><\/h2>\n\t<h3>La fa\u00e7on la plus comfortable pour rejoindre Chamois!<\/h3>\n\t<p><\/p>\n\t<a class=\"et_pb_button c2a\" href=\"https:\/\/lovechamois.it\/fr\/offerta\/telepherique-buisson-chamois\/\">INFO<\/a>\n  <\/div>\n<\/div><\/div>\n      \n        <div class=\"offerta-list\"><div style=\"background: url(https:\/\/lovechamois.it\/wp-content\/uploads\/2022\/02\/smartphone-6977553_960_720-1-800x500.jpg);background-size:cover\" class=\"offerta-list-int\">\n  <div class=\"offerta-list-inner\">\n\t<h2><a href=\"https:\/\/lovechamois.it\/fr\/offerta\/chamoisonline-39-338-4936873\/\">BACHECA ONLINE<\/a><\/h2>\n\t<h3>+39 338 4936873<\/h3>\n\t<p><\/p>\n\t<a class=\"et_pb_button c2a\" href=\"https:\/\/lovechamois.it\/fr\/offerta\/chamoisonline-39-338-4936873\/\">SCOPRI DI PIU'<\/a>\n  <\/div>\n<\/div><\/div>\n      \n\t\n\t\n\t\n<\/div>\n[\/et_pb_code][\/et_pb_column][\/et_pb_row][\/et_pb_section]<\/p>\n","protected":false},"excerpt":{"rendered":"<p>[et_pb_section fb_built=&#8221;1&#8243; _builder_version=&#8221;3.22&#8243; admin_label=&#8221;Sezione&#8221;][et_pb_row _builder_version=&#8221;3.25&#8243; background_size=&#8221;initial&#8221; background_position=&#8221;top_left&#8221; background_repeat=&#8221;repeat&#8221;][et_pb_column type=&#8221;4_4&#8243; _builder_version=&#8221;3.25&#8243; custom_padding=&#8221;|||&#8221; custom_padding__hover=&#8221;|||&#8221;][et_pb_text admin_label=&#8221;Testo&#8221; _builder_version=&#8221;3.26.6&#8243; custom_margin=&#8221;||40px|&#8221;][\/et_pb_text][et_pb_code locked=&#8221;on&#8221;] Tutte\u00c9t\u00e9HiverToute l&#8217;ann\u00e9e L&#8217;altiporto di Chamois, il pi\u00f9 antico d&#8217;Italia a 1815m slm GUARDA SEGGIOVIE &#8211; APERTURE ESTATE 2026 LE APERTURE ESTIVE DEGLI IMPIANTI DI RISALITA. LE APERTURE INVERNALI DEGLI IMPIANTI DI RISALITA. INFO Le &#8220;Seigneur des Anneaux&#8221; 20 km [&hellip;]<\/p>\n","protected":false},"author":1,"featured_media":0,"parent":0,"menu_order":0,"comment_status":"closed","ping_status":"open","template":"","meta":{"_et_pb_use_builder":"on","_et_pb_old_content":"","footnotes":""},"class_list":["post-5952","page","type-page","status-publish","hentry"],"_links":{"self":[{"href":"https:\/\/lovechamois.it\/fr\/wp-json\/wp\/v2\/pages\/5952"}],"collection":[{"href":"https:\/\/lovechamois.it\/fr\/wp-json\/wp\/v2\/pages"}],"about":[{"href":"https:\/\/lovechamois.it\/fr\/wp-json\/wp\/v2\/types\/page"}],"author":[{"embeddable":true,"href":"https:\/\/lovechamois.it\/fr\/wp-json\/wp\/v2\/users\/1"}],"replies":[{"embeddable":true,"href":"https:\/\/lovechamois.it\/fr\/wp-json\/wp\/v2\/comments?post=5952"}],"version-history":[{"count":3,"href":"https:\/\/lovechamois.it\/fr\/wp-json\/wp\/v2\/pages\/5952\/revisions"}],"predecessor-version":[{"id":11813,"href":"https:\/\/lovechamois.it\/fr\/wp-json\/wp\/v2\/pages\/5952\/revisions\/11813"}],"wp:attachment":[{"href":"https:\/\/lovechamois.it\/fr\/wp-json\/wp\/v2\/media?parent=5952"}],"curies":[{"name":"wp","href":"https:\/\/api.w.org\/{rel}","templated":true}]}}