{"id":5946,"date":"2019-06-24T14:23:09","date_gmt":"2019-06-24T12:23:09","guid":{"rendered":"http:\/\/lovechamois.hextra.cloud\/10-raisons\/"},"modified":"2024-09-14T11:33:16","modified_gmt":"2024-09-14T09:33:16","slug":"10-raisons","status":"publish","type":"page","link":"https:\/\/lovechamois.it\/fr\/10-raisons\/","title":{"rendered":"10+ bonnes raisons"},"content":{"rendered":"<p>[et_pb_section bb_built=&#8221;1&#8243; _builder_version=&#8221;3.22&#8243;][et_pb_row _builder_version=&#8221;3.25&#8243; background_size=&#8221;initial&#8221; background_position=&#8221;top_left&#8221; background_repeat=&#8221;repeat&#8221;][et_pb_column type=&#8221;4_4&#8243; _builder_version=&#8221;3.25&#8243; custom_padding=&#8221;|||&#8221; custom_padding__hover=&#8221;|||&#8221;][et_pb_text _builder_version=&#8221;3.9&#8243; custom_margin=&#8221;||40px|&#8221;]<\/p>\n<h1>10+ bonnes raisons<\/h1>\n<p>[\/et_pb_text][et_pb_code]\n\n\n<div id=\"wpv-view-layout-703\" class=\"js-wpv-view-layout js-wpv-layout-responsive js-wpv-view-layout-703\" data-viewnumber=\"703\" data-pagination=\"{&quot;id&quot;:703,&quot;query&quot;:&quot;normal&quot;,&quot;type&quot;:&quot;disabled&quot;,&quot;effect&quot;:&quot;fade&quot;,&quot;duration&quot;:500,&quot;speed&quot;:5,&quot;pause_on_hover&quot;:&quot;disabled&quot;,&quot;stop_rollover&quot;:&quot;false&quot;,&quot;cache_pages&quot;:&quot;enabled&quot;,&quot;preload_images&quot;:&quot;enabled&quot;,&quot;preload_pages&quot;:&quot;enabled&quot;,&quot;preload_reach&quot;:1,&quot;spinner&quot;:&quot;builtin&quot;,&quot;spinner_image&quot;:&quot;https:\/\/lovechamois.it\/wp-content\/plugins\/wp-views\/embedded\/res\/img\/ajax-loader.gif&quot;,&quot;callback_next&quot;:&quot;&quot;,&quot;manage_history&quot;:&quot;enabled&quot;,&quot;has_controls_in_form&quot;:&quot;disabled&quot;,&quot;infinite_tolerance&quot;:&quot;0&quot;,&quot;max_pages&quot;:0,&quot;page&quot;:1,&quot;base_permalink&quot;:&quot;\/fr\/wp-json\/wp\/v2\/pages\/5946?wpv_view_count=703&amp;wpv_paged=WPV_PAGE_NUM&quot;,&quot;loop&quot;:{&quot;type&quot;:&quot;&quot;,&quot;name&quot;:&quot;&quot;,&quot;data&quot;:[],&quot;id&quot;:0}}\" data-permalink=\"\/fr\/wp-json\/wp\/v2\/pages\/5946?wpv_view_count=703\">\n\n\t\n\t\n\t<div class=\"clearfix\" style=\"background: #bf1a04;\">\n      \n          <div class=\"motivo_list clearfix\"><a href=\"https:\/\/lovechamois.it\/fr\/motivo\/moulin-de-corgnolaz\/\"><img decoding=\"async\" src=\"https:\/\/lovechamois.it\/wp-content\/uploads\/2020\/08\/MacinaW-100x100.png\"><\/a>\n<h3>\n  <a href=\"https:\/\/lovechamois.it\/fr\/motivo\/moulin-de-corgnolaz\/\">\n     Les moulins, les fours, le pain\n    \n  <\/a>\n<\/h3>\n<p>La route du pain de montagne, des c\u00e9r\u00e9ales \u00e0 la table<\/p>\n<p><\/div>\n      \n          <div class=\"motivo_list clearfix\"><a href=\"https:\/\/lovechamois.it\/fr\/motivo\/le-premier-altiport\/\"><img decoding=\"async\" src=\"https:\/\/lovechamois.it\/wp-content\/uploads\/2018\/09\/aircraft-100x100.png\"><\/a>\n<h3>\n  <a href=\"https:\/\/lovechamois.it\/fr\/motivo\/le-premier-altiport\/\">\n    Le premier altiport\n    \n  <\/a>\n<\/h3>\n<p>Saviez-vous que c\u2019est \u00e0 Chamois qu\u2019a \u00e9t\u00e9 construit le premier altiport italien ?<\/p>\n<p><\/div>\n      \n          <div class=\"motivo_list clearfix\"><a href=\"https:\/\/lovechamois.it\/fr\/motivo\/architecture-rurales-et-bien-plus\/\"><img decoding=\"async\" src=\"https:\/\/lovechamois.it\/wp-content\/uploads\/2021\/11\/80788211_2995978720421238_8040946958782693376_n-100x100.jpg\"><\/a>\n<h3>\n  <a href=\"https:\/\/lovechamois.it\/fr\/motivo\/architecture-rurales-et-bien-plus\/\">\n    Architecture rurales et bien plus\n    \n  <\/a>\n<\/h3>\n<p>Un des principaux attraits de Chamois est sa structure architecturale, qui est &#8230;<\/p>\n<p><\/div>\n      \n          <div class=\"motivo_list clearfix\"><a href=\"https:\/\/lovechamois.it\/fr\/motivo\/se-sentir-chez-soi\/\"><img decoding=\"async\" src=\"https:\/\/lovechamois.it\/wp-content\/uploads\/2021\/11\/winter-g75d03c3b0_1920-100x100.jpg\"><\/a>\n<h3>\n  <a href=\"https:\/\/lovechamois.it\/fr\/motivo\/se-sentir-chez-soi\/\">\n    Se sentir chez soi\n    \n  <\/a>\n<\/h3>\n<p>Dans un petit village de 100 r\u00e9sidents, comme Chamois, ce n\u2019est &#8230;<\/p>\n<p><\/div>\n      \n          <div class=\"motivo_list clearfix\"><a href=\"https:\/\/lovechamois.it\/fr\/motivo\/se-ressourcer\/\"><img decoding=\"async\" src=\"https:\/\/lovechamois.it\/wp-content\/uploads\/2018\/09\/inverno-rascard-100x100.jpg\"><\/a>\n<h3>\n  <a href=\"https:\/\/lovechamois.it\/fr\/motivo\/se-ressourcer\/\">\n    Se ressourcer\n    \n  <\/a>\n<\/h3>\n<p>Un village sans voitures, sans bruit, sans stress. Une nature intacte, des bois &#8230;<\/p>\n<p><\/div>\n      \n          <div class=\"motivo_list clearfix\"><a href=\"https:\/\/lovechamois.it\/fr\/motivo\/lac-de-lod\/\"><img decoding=\"async\" src=\"https:\/\/lovechamois.it\/wp-content\/uploads\/2021\/11\/lovechamois-winter-2021-1-100x100.jpg\"><\/a>\n<h3>\n  <a href=\"https:\/\/lovechamois.it\/fr\/motivo\/lac-de-lod\/\">\n    Lac de Lod\n    \n  <\/a>\n<\/h3>\n<p>Le lac de Lod est un des sites les plus caract\u00e9ristiques de Chamois &#8230;<\/p>\n<p><\/div>\n      \n          <div class=\"motivo_list clearfix\"><a href=\"https:\/\/lovechamois.it\/fr\/motivo\/le-chamois-et-autres-animaux\/\"><img decoding=\"async\" src=\"https:\/\/lovechamois.it\/wp-content\/uploads\/2018\/09\/chamois-100x100.png\"><\/a>\n<h3>\n  <a href=\"https:\/\/lovechamois.it\/fr\/motivo\/le-chamois-et-autres-animaux\/\">\n    Le chamois et autres animaux\n    \n  <\/a>\n<\/h3>\n<p>D\u00e8s qu\u2019on commence \u00e0 monter par la t\u00e9l\u00e9cabine, on les voit aussit\u00f4t : les chamois &#8230;<\/p>\n<p><\/div>\n      \n          <div class=\"motivo_list clearfix\"><a href=\"https:\/\/lovechamois.it\/fr\/motivo\/le-point-sublime\/\"><img decoding=\"async\" src=\"https:\/\/lovechamois.it\/wp-content\/uploads\/2018\/09\/pointsublime_-100x100.png\"><\/a>\n<h3>\n  <a href=\"https:\/\/lovechamois.it\/fr\/motivo\/le-point-sublime\/\">\n    Le Point Sublime\n    \n  <\/a>\n<\/h3>\n<p>Le Point Sublime est un point de vue panoramique incroyable &#8230;<\/p>\n<p><\/div>\n      \n          <div class=\"motivo_list clearfix\"><a href=\"https:\/\/lovechamois.it\/fr\/motivo\/un-territoire-intact\/\"><img decoding=\"async\" src=\"https:\/\/lovechamois.it\/wp-content\/uploads\/2021\/11\/9-PREMIO-Sasdelli-Luigi-Chamois-nel-cuore-100x100.jpg\"><\/a>\n<h3>\n  <a href=\"https:\/\/lovechamois.it\/fr\/motivo\/un-territoire-intact\/\">\n    Un territoire intact\n    \n  <\/a>\n<\/h3>\n<p>Chamois est un bourg qui a gard\u00e9 son charme d\u2019antan, entour\u00e9 &#8230;<\/p>\n<p><\/div>\n      \n          <div class=\"motivo_list clearfix\"><a href=\"https:\/\/lovechamois.it\/fr\/motivo\/perle-des-alpes\/\"><img decoding=\"async\" src=\"https:\/\/lovechamois.it\/wp-content\/uploads\/2018\/07\/alpine-1.png\"><\/a>\n<h3>\n  <a href=\"https:\/\/lovechamois.it\/fr\/motivo\/perle-des-alpes\/\">\n    Perle des Alpes\n    \n  <\/a>\n<\/h3>\n<p>Chamois fait partie du prestigieux circuit Alpine Pearls, un regroupement de destinations touritisques qui soutiennent la mobilit\u00e9 douce.<\/p>\n<p><\/div>\n      \n          <div class=\"motivo_list clearfix\"><a href=\"https:\/\/lovechamois.it\/fr\/motivo\/commune-sans-voitures\/\"><img decoding=\"async\" src=\"https:\/\/lovechamois.it\/wp-content\/uploads\/2018\/07\/auto-1.png\"><\/a>\n<h3>\n  <a href=\"https:\/\/lovechamois.it\/fr\/motivo\/commune-sans-voitures\/\">\n    Commune sans voitures\n    \n  <\/a>\n<\/h3>\n<p>Chamois, la seule commune italienne interdite aux voitures!<\/p>\n<p><\/div>\n      \n\t<\/div>\n\t\n\t\n\t\n<\/div>\n[\/et_pb_code][\/et_pb_column][\/et_pb_row][\/et_pb_section]<\/p>\n","protected":false},"excerpt":{"rendered":"<p>[et_pb_section bb_built=&#8221;1&#8243; _builder_version=&#8221;3.22&#8243;][et_pb_row _builder_version=&#8221;3.25&#8243; background_size=&#8221;initial&#8221; background_position=&#8221;top_left&#8221; background_repeat=&#8221;repeat&#8221;][et_pb_column type=&#8221;4_4&#8243; _builder_version=&#8221;3.25&#8243; custom_padding=&#8221;|||&#8221; custom_padding__hover=&#8221;|||&#8221;][et_pb_text _builder_version=&#8221;3.9&#8243; custom_margin=&#8221;||40px|&#8221;] 10+ bonnes raisons [\/et_pb_text][et_pb_code] Les moulins, les fours, le pain La route du pain de montagne, des c\u00e9r\u00e9ales \u00e0 la table Le premier altiport Saviez-vous que c\u2019est \u00e0 Chamois qu\u2019a \u00e9t\u00e9 construit le premier altiport italien ? Architecture rurales et bien plus [&hellip;]<\/p>\n","protected":false},"author":1,"featured_media":15077,"parent":0,"menu_order":0,"comment_status":"closed","ping_status":"closed","template":"","meta":{"_et_pb_use_builder":"o","_et_pb_old_content":"","footnotes":""},"class_list":["post-5946","page","type-page","status-publish","has-post-thumbnail","hentry"],"_links":{"self":[{"href":"https:\/\/lovechamois.it\/fr\/wp-json\/wp\/v2\/pages\/5946"}],"collection":[{"href":"https:\/\/lovechamois.it\/fr\/wp-json\/wp\/v2\/pages"}],"about":[{"href":"https:\/\/lovechamois.it\/fr\/wp-json\/wp\/v2\/types\/page"}],"author":[{"embeddable":true,"href":"https:\/\/lovechamois.it\/fr\/wp-json\/wp\/v2\/users\/1"}],"replies":[{"embeddable":true,"href":"https:\/\/lovechamois.it\/fr\/wp-json\/wp\/v2\/comments?post=5946"}],"version-history":[{"count":8,"href":"https:\/\/lovechamois.it\/fr\/wp-json\/wp\/v2\/pages\/5946\/revisions"}],"predecessor-version":[{"id":15078,"href":"https:\/\/lovechamois.it\/fr\/wp-json\/wp\/v2\/pages\/5946\/revisions\/15078"}],"wp:featuredmedia":[{"embeddable":true,"href":"https:\/\/lovechamois.it\/fr\/wp-json\/wp\/v2\/media\/15077"}],"wp:attachment":[{"href":"https:\/\/lovechamois.it\/fr\/wp-json\/wp\/v2\/media?parent=5946"}],"curies":[{"name":"wp","href":"https:\/\/api.w.org\/{rel}","templated":true}]}}