{"id":5918,"date":"2019-06-24T12:14:16","date_gmt":"2019-06-24T10:14:16","guid":{"rendered":"http:\/\/lovechamois.hextra.cloud\/activites-dete-et-dhiver\/"},"modified":"2022-04-22T10:14:33","modified_gmt":"2022-04-22T08:14:33","slug":"activites-dete-et-dhiver","status":"publish","type":"page","link":"https:\/\/lovechamois.it\/fr\/activites-dete-et-dhiver\/","title":{"rendered":"Activit\u00e9s d&#8217;\u00e9t\u00e9 et d&#8217;hiver"},"content":{"rendered":"<p>[et_pb_section fb_built=&#8221;1&#8243; _builder_version=&#8221;3.22&#8243; custom_margin=&#8221;0px||0px|&#8221; custom_padding=&#8221;0px||0px|&#8221;][et_pb_row _builder_version=&#8221;3.25&#8243;][et_pb_column type=&#8221;4_4&#8243; _builder_version=&#8221;3.25&#8243; custom_padding=&#8221;|||&#8221; custom_padding__hover=&#8221;|||&#8221;][et_pb_text _builder_version=&#8221;3.9&#8243; custom_margin=&#8221;||40px|&#8221;]<\/p>\n<h1>Activit\u00e9s d&#8217;\u00e9t\u00e9 et d&#8217;hiver<\/h1>\n<p>[\/et_pb_text][et_pb_code admin_label=&#8221;Archives des activit\u00e9s&#8221; custom_margin=&#8221;40px|||&#8221;]<form autocomplete=\"off\" name=\"wpv-filter-701\" action=\"\/fr\/wp-json\/wp\/v2\/pages\/5918?wpv_view_count=701\" method=\"get\" class=\"wpv-filter-form js-wpv-filter-form js-wpv-filter-form-701 js-wpv-form-full js-wpv-dps-enabled js-wpv-ajax-results-enabled\" data-viewnumber=\"701\" data-viewid=\"701\" data-viewhash=\"eyJuYW1lIjoiYXJjaGl2aW8tYXR0aXZpdGEifQ==\" data-viewwidgetid=\"0\" data-orderby=\"\" data-order=\"\" data-orderbyas=\"\" data-orderbysecond=\"\" data-ordersecond=\"\" data-parametric=\"{&quot;query&quot;:&quot;normal&quot;,&quot;id&quot;:701,&quot;view_id&quot;:701,&quot;widget_id&quot;:0,&quot;view_hash&quot;:&quot;701&quot;,&quot;action&quot;:&quot;\\\/fr\\\/wp-json\\\/wp\\\/v2\\\/pages\\\/5918?wpv_view_count=701&quot;,&quot;sort&quot;:{&quot;orderby&quot;:&quot;&quot;,&quot;order&quot;:&quot;&quot;,&quot;orderby_as&quot;:&quot;&quot;,&quot;orderby_second&quot;:&quot;&quot;,&quot;order_second&quot;:&quot;&quot;},&quot;orderby&quot;:&quot;&quot;,&quot;order&quot;:&quot;&quot;,&quot;orderby_as&quot;:&quot;&quot;,&quot;orderby_second&quot;:&quot;&quot;,&quot;order_second&quot;:&quot;&quot;,&quot;ajax_form&quot;:&quot;&quot;,&quot;ajax_results&quot;:&quot;&quot;,&quot;effect&quot;:&quot;fade&quot;,&quot;prebefore&quot;:&quot;&quot;,&quot;before&quot;:&quot;&quot;,&quot;after&quot;:&quot;&quot;,&quot;attributes&quot;:[],&quot;environment&quot;:{&quot;current_post_id&quot;:5918,&quot;parent_post_id&quot;:5918,&quot;parent_term_id&quot;:0,&quot;parent_user_id&quot;:0,&quot;archive&quot;:{&quot;type&quot;:&quot;&quot;,&quot;name&quot;:&quot;&quot;,&quot;data&quot;:[]}},&quot;loop&quot;:{&quot;type&quot;:&quot;&quot;,&quot;name&quot;:&quot;&quot;,&quot;data&quot;:[],&quot;id&quot;:0}}\" data-attributes=\"[]\" data-environment=\"{&quot;current_post_id&quot;:5918,&quot;parent_post_id&quot;:5918,&quot;parent_term_id&quot;:0,&quot;parent_user_id&quot;:0,&quot;archive&quot;:{&quot;type&quot;:&quot;&quot;,&quot;name&quot;:&quot;&quot;,&quot;data&quot;:[]}}\"><input type=\"hidden\" class=\"js-wpv-dps-filter-data js-wpv-filter-data-for-this-form\" data-action=\"\/fr\/wp-json\/wp\/v2\/pages\/5918?wpv_view_count=701\" data-page=\"1\" data-ajax=\"enable\" data-effect=\"fade\" data-maxpages=\"0\" data-ajaxprebefore=\"\" data-ajaxbefore=\"\" data-ajaxafter=\"\" \/><input class=\"wpv_view_count wpv_view_count-701\" type=\"hidden\" name=\"wpv_view_count\" value=\"701\" \/>\n\n<div class=\"form-group\" style=\"margin-bottom:40px;\">\n\t<select id=\"wpv_control_select_wpcf-stagione\" name=\"stagione\" class=\"js-wpv-filter-trigger form-control\" style=\"display:inline-block;width:200px\"><option value=\"\" selected=\"selected\">Tutte<\/option><option value=\"1\">\u00c9t\u00e9<\/option><option value=\"3\">Hiver<\/option><option value=\"2\">Toute l'ann\u00e9e<\/option><\/select>\n  \t<span style=\"display:none\" class=\"js-wpv-dps-spinner\"><img decoding=\"async\" src=\"https:\/\/lovechamois.it\/wp-content\/plugins\/wp-views\/embedded\/res\/img\/ajax-loader4.gif\" \/><\/span>\n<\/div>\n\n<\/form>\n<div id=\"wpv-view-layout-701\" class=\"js-wpv-view-layout js-wpv-layout-responsive js-wpv-view-layout-701\" data-viewnumber=\"701\" data-pagination=\"{&quot;id&quot;:701,&quot;query&quot;:&quot;normal&quot;,&quot;type&quot;:&quot;disabled&quot;,&quot;effect&quot;:&quot;fade&quot;,&quot;duration&quot;:500,&quot;speed&quot;:5,&quot;pause_on_hover&quot;:&quot;disabled&quot;,&quot;stop_rollover&quot;:&quot;false&quot;,&quot;cache_pages&quot;:&quot;enabled&quot;,&quot;preload_images&quot;:&quot;enabled&quot;,&quot;preload_pages&quot;:&quot;enabled&quot;,&quot;preload_reach&quot;:1,&quot;spinner&quot;:&quot;builtin&quot;,&quot;spinner_image&quot;:&quot;https:\/\/lovechamois.it\/wp-content\/plugins\/wp-views\/embedded\/res\/img\/ajax-loader.gif&quot;,&quot;callback_next&quot;:&quot;&quot;,&quot;manage_history&quot;:&quot;enabled&quot;,&quot;has_controls_in_form&quot;:&quot;disabled&quot;,&quot;infinite_tolerance&quot;:&quot;0&quot;,&quot;max_pages&quot;:0,&quot;page&quot;:1,&quot;base_permalink&quot;:&quot;\/fr\/wp-json\/wp\/v2\/pages\/5918?wpv_view_count=701&amp;wpv_paged=WPV_PAGE_NUM&quot;,&quot;loop&quot;:{&quot;type&quot;:&quot;&quot;,&quot;name&quot;:&quot;&quot;,&quot;data&quot;:[],&quot;id&quot;:0}}\" data-permalink=\"\/fr\/wp-json\/wp\/v2\/pages\/5918?wpv_view_count=701\">\n\n\t\n\t\n\t\n\t\t<div class=\"attivita_list\"><a href=\"https:\/\/lovechamois.it\/fr\/attivita\/vtt-e-bike\/\"><img decoding=\"async\" src=\"https:\/\/lovechamois.it\/wp-content\/uploads\/2018\/07\/pexels-reinhard-bruckner-5328112-454x340.jpg\"><\/a>\n<h3>\n  <a href=\"https:\/\/lovechamois.it\/fr\/attivita\/vtt-e-bike\/\">\n    VTT e-bike\n    \n  <\/a>\n<\/h3>\n<p>Chamois et ses alentours sont le paradis des cyclistes et offrent &#8230;<\/p><\/div>\n\t\n\t\t<div class=\"attivita_list\"><a href=\"https:\/\/lovechamois.it\/fr\/attivita\/excursions\/\"><img decoding=\"async\" src=\"https:\/\/lovechamois.it\/wp-content\/uploads\/2018\/07\/pexels-yogendra-singh-1469880-454x340.jpg\"><\/a>\n<h3>\n  <a href=\"https:\/\/lovechamois.it\/fr\/attivita\/excursions\/\">\n    Excursions\n    \n  <\/a>\n<\/h3>\n<p>La belle saison est le moment id\u00e9al pour d\u00e9couvrir la montagne &#8230;<\/p><\/div>\n\t\n\t\t<div class=\"attivita_list\"><a href=\"https:\/\/lovechamois.it\/fr\/attivita\/parapente\/\"><img decoding=\"async\" src=\"https:\/\/lovechamois.it\/wp-content\/uploads\/2018\/07\/pexels-pixabay-68693-454x340.jpg\"><\/a>\n<h3>\n  <a href=\"https:\/\/lovechamois.it\/fr\/attivita\/parapente\/\">\n    Parapente\n    \n  <\/a>\n<\/h3>\n<p>Se sentir libre de voler est l&#8217;une des sensations les plus excitantes et les plus riches en adr\u00e9naline&#8230;<\/p><\/div>\n\t\n\t\t<div class=\"attivita_list\"><a href=\"https:\/\/lovechamois.it\/fr\/attivita\/chiusure-infrastagionali\/\"><img decoding=\"async\" src=\"https:\/\/lovechamois.it\/wp-content\/uploads\/2018\/07\/4-bar-Chamois-1-454x340.jpg\"><\/a>\n<h3>\n  <a href=\"https:\/\/lovechamois.it\/fr\/attivita\/chiusure-infrastagionali\/\">\n    CHIUSURE INFRASTAGIONALI DEGLI ESERCIZI PUBBLICI DI CHAMOIS\n    \n  <\/a>\n<\/h3>\n<p><\/p><\/div>\n\t\n\t\t<div class=\"attivita_list\"><a href=\"https:\/\/lovechamois.it\/fr\/attivita\/apprecier-la-nature\/\"><img decoding=\"async\" src=\"https:\/\/lovechamois.it\/wp-content\/uploads\/2018\/07\/pexels-krivec-ales-547116-454x340.jpg\"><\/a>\n<h3>\n  <a href=\"https:\/\/lovechamois.it\/fr\/attivita\/apprecier-la-nature\/\">\n    Appr\u00e9cier la nature\n    \n  <\/a>\n<\/h3>\n<p>\u00c0 Chamois la nature est reine. Les bois, les pr\u00e9s, les torrents, les lacs &#8230;<\/p><\/div>\n\t\n\t\t<div class=\"attivita_list\"><a href=\"https:\/\/lovechamois.it\/fr\/attivita\/se-detendre\/\"><img decoding=\"async\" src=\"https:\/\/lovechamois.it\/wp-content\/uploads\/2018\/07\/04-il-buon-riposo-1-400x300.jpg\"><\/a>\n<h3>\n  <a href=\"https:\/\/lovechamois.it\/fr\/attivita\/se-detendre\/\">\n    Se d\u00e9tendre\n    \n  <\/a>\n<\/h3>\n<p>Chamois est un petit village isol\u00e9, coup\u00e9 du bruit et du trafic &#8230;<\/p><\/div>\n\t\n\t\t<div class=\"attivita_list\"><a href=\"https:\/\/lovechamois.it\/fr\/attivita\/jouer-en-liberte\/\"><img decoding=\"async\" src=\"https:\/\/lovechamois.it\/wp-content\/uploads\/2018\/07\/03-giocare-con-i-bambini-400x300.jpg\"><\/a>\n<h3>\n  <a href=\"https:\/\/lovechamois.it\/fr\/attivita\/jouer-en-liberte\/\">\n    Jouer en libert\u00e9\n    \n  <\/a>\n<\/h3>\n<p>Chamois est le paradis des familles qui peuvent vivre leurs &#8230;<\/p><\/div>\n\t\n\t\t<div class=\"attivita_list\"><a href=\"https:\/\/lovechamois.it\/fr\/attivita\/deguster\/\"><img decoding=\"async\" src=\"https:\/\/lovechamois.it\/wp-content\/uploads\/2018\/07\/polenta-su-tagliere-454x340.jpg\"><\/a>\n<h3>\n  <a href=\"https:\/\/lovechamois.it\/fr\/attivita\/deguster\/\">\n    D\u00e9guster\n    \n  <\/a>\n<\/h3>\n<p>La cuisine vald\u00f4taine est robuste et g\u00e9n\u00e9reuse, comme l\u2019\u00e2me &#8230;<\/p><\/div>\n\t\n\t\t<div class=\"attivita_list\"><a href=\"https:\/\/lovechamois.it\/fr\/?post_type=attivita&#038;p=17359&#038;preview=true\"><img decoding=\"async\" src=\"https:\/\/lovechamois.it\/wp-content\/uploads\/2018\/07\/07-imparare-a-sciare-400x300.jpg\"><\/a>\n<h3>\n  <a href=\"https:\/\/lovechamois.it\/fr\/?post_type=attivita&#038;p=17359&#038;preview=true\">\n    Apprendre \u00e0 skier\n    \n  <\/a>\n<\/h3>\n<p>Chamois est la station parfaite pour apprendre \u00e0 skier. Le village est petit &#8230;<\/p><\/div>\n\t\n\t\t<div class=\"attivita_list\"><a href=\"https:\/\/lovechamois.it\/fr\/?post_type=attivita&#038;p=7935&#038;preview=true\"><img decoding=\"async\" src=\"https:\/\/lovechamois.it\/wp-content\/uploads\/2025\/01\/signore-degli-anelli-ciaspole-454x340.png\"><\/a>\n<h3>\n  <a href=\"https:\/\/lovechamois.it\/fr\/?post_type=attivita&#038;p=7935&#038;preview=true\">\n    Le Seigneur des Anneaux \n    \n  <\/a>\n<\/h3>\n<p>20 km de silence assourdissant entre Chamois et La Magdeleine avec raquettes et ski nordique<\/p><\/div>\n\t\n\t\n\t\n\t\n<\/div>\n[\/et_pb_code][\/et_pb_column][\/et_pb_row][\/et_pb_section]<\/p>\n","protected":false},"excerpt":{"rendered":"<p>[et_pb_section fb_built=&#8221;1&#8243; _builder_version=&#8221;3.22&#8243; custom_margin=&#8221;0px||0px|&#8221; custom_padding=&#8221;0px||0px|&#8221;][et_pb_row _builder_version=&#8221;3.25&#8243;][et_pb_column type=&#8221;4_4&#8243; _builder_version=&#8221;3.25&#8243; custom_padding=&#8221;|||&#8221; custom_padding__hover=&#8221;|||&#8221;][et_pb_text _builder_version=&#8221;3.9&#8243; custom_margin=&#8221;||40px|&#8221;] Activit\u00e9s d&#8217;\u00e9t\u00e9 et d&#8217;hiver [\/et_pb_text][et_pb_code admin_label=&#8221;Archives des activit\u00e9s&#8221; custom_margin=&#8221;40px|||&#8221;] Tutte\u00c9t\u00e9HiverToute l&#8217;ann\u00e9e VTT e-bike Chamois et ses alentours sont le paradis des cyclistes et offrent &#8230; Excursions La belle saison est le moment id\u00e9al pour d\u00e9couvrir la montagne &#8230; Parapente Se sentir libre de [&hellip;]<\/p>\n","protected":false},"author":1,"featured_media":15155,"parent":0,"menu_order":0,"comment_status":"closed","ping_status":"closed","template":"","meta":{"_et_pb_use_builder":"o","_et_pb_old_content":"","footnotes":""},"class_list":["post-5918","page","type-page","status-publish","has-post-thumbnail","hentry"],"_links":{"self":[{"href":"https:\/\/lovechamois.it\/fr\/wp-json\/wp\/v2\/pages\/5918"}],"collection":[{"href":"https:\/\/lovechamois.it\/fr\/wp-json\/wp\/v2\/pages"}],"about":[{"href":"https:\/\/lovechamois.it\/fr\/wp-json\/wp\/v2\/types\/page"}],"author":[{"embeddable":true,"href":"https:\/\/lovechamois.it\/fr\/wp-json\/wp\/v2\/users\/1"}],"replies":[{"embeddable":true,"href":"https:\/\/lovechamois.it\/fr\/wp-json\/wp\/v2\/comments?post=5918"}],"version-history":[{"count":5,"href":"https:\/\/lovechamois.it\/fr\/wp-json\/wp\/v2\/pages\/5918\/revisions"}],"predecessor-version":[{"id":11588,"href":"https:\/\/lovechamois.it\/fr\/wp-json\/wp\/v2\/pages\/5918\/revisions\/11588"}],"wp:featuredmedia":[{"embeddable":true,"href":"https:\/\/lovechamois.it\/fr\/wp-json\/wp\/v2\/media\/15155"}],"wp:attachment":[{"href":"https:\/\/lovechamois.it\/fr\/wp-json\/wp\/v2\/media?parent=5918"}],"curies":[{"name":"wp","href":"https:\/\/api.w.org\/{rel}","templated":true}]}}