{"id":5912,"date":"2019-06-24T12:10:17","date_gmt":"2019-06-24T10:10:17","guid":{"rendered":"http:\/\/lovechamois.hextra.cloud\/privacy-cookies\/"},"modified":"2019-06-24T12:10:21","modified_gmt":"2019-06-24T10:10:21","slug":"privacy-cookies","status":"publish","type":"page","link":"https:\/\/lovechamois.it\/en\/privacy-cookies\/","title":{"rendered":"Privacy \/ Cookies"},"content":{"rendered":"<p>[et_pb_section bb_built=&#8221;1&#8243; _builder_version=&#8221;3.9&#8243; max_width_last_edited=&#8221;on|phone&#8221; custom_margin=&#8221;0px|||&#8221; custom_padding=&#8221;0px|0px|0px|0px&#8221;][et_pb_row use_custom_width=&#8221;on&#8221; width_unit=&#8221;off&#8221; custom_width_percent=&#8221;100%&#8221; use_custom_gutter=&#8221;on&#8221; gutter_width=&#8221;1&#8243; make_equal=&#8221;on&#8221; custom_padding_last_edited=&#8221;on|desktop&#8221; background_color_1=&#8221;#ffffff&#8221; background_color_2=&#8221;#bf1a04&#8243; padding_top_1=&#8221;60px&#8221; padding_top_2=&#8221;0px&#8221; padding_right_1=&#8221;60px&#8221; padding_right_2=&#8221;20px&#8221; padding_bottom_1=&#8221;60px&#8221; padding_bottom_2=&#8221;60px&#8221; padding_left_1=&#8221;60px&#8221; padding_left_2=&#8221;0px&#8221; padding_1_tablet=&#8221;40px|40px|40px|40px&#8221; padding_2_tablet=&#8221;40px|20px|40px|20px&#8221; padding_1_phone=&#8221;40px|5px|5px|5px&#8221; padding_2_phone=&#8221;20px|20px|20px|20px&#8221; padding_1_last_edited=&#8221;on|phone&#8221; padding_2_last_edited=&#8221;on|desktop&#8221; _builder_version=&#8221;3.9&#8243; module_alignment=&#8221;left&#8221; custom_margin_last_edited=&#8221;on|phone&#8221; custom_css_main_element=&#8221;width: 100%!important;&#8221; background_position=&#8221;top_left&#8221; background_repeat=&#8221;repeat&#8221; background_size=&#8221;initial&#8221;][et_pb_column type=&#8221;4_4&#8243;][et_pb_text admin_label=&#8221;COOKIES&#8221; _builder_version=&#8221;3.9&#8243; text_font_size=&#8221;40px&#8221; header_font_size_tablet=&#8221;40px&#8221; header_font_size_phone=&#8221;30px&#8221; header_font_size_last_edited=&#8221;on|desktop&#8221; header_2_font=&#8221;|300|||||||&#8221; header_2_text_color=&#8221;#ffffff&#8221; header_2_font_size=&#8221;40px&#8221; custom_margin=&#8221;||60px|&#8221; custom_css_main_element=&#8221;width:100%!important;&#8221;]<\/p>\n<h1>PRIVACY AND COOKIES<\/h1>\n<p>[\/et_pb_text][et_pb_text _builder_version=&#8221;3.9&#8243;]<br \/>\nIn questa pagina si descrivono le modalit\u00e0 di gestione del sito in riferimento al trattamento dei dati personali degli utenti che lo consultano nonch\u00e9 le finalit\u00e0 del trattamento stesso.<\/p>\n<p>&nbsp;<\/p>\n<h3>Privacy Policy<\/h3>\n<p>Si tratta di un&#8217;informativa resa ai sensi del \u201c<a href=\"http:\/\/eur-lex.europa.eu\/legal-content\/IT\/TXT\/HTML\/?uri=CELEX:32016R0679&amp;from=IT\" target=\"_blank\" rel=\"noopener\">Regolamento Europeo 2016\/679 relativo alla protezione delle persone fisiche con riguardo al Trattamento dei Dati Personali, nonch\u00e9 alla libera circolazione di tali dati<\/a>\u201d (da ora in poi \u201c<abbr title=\"General Data Protection Regulation\">GDPR<\/abbr>\u201d). Prevede la tutela delle persone e di altri soggetti rispetto al trattamento dei dati personali.<\/p>\n<p>&nbsp;<\/p>\n<h4 class=\"generic-title\">Titolare del trattamento<\/h4>\n<p><b>Comune di Chamois<\/b> in qualit\u00e0 di &#8220;titolare&#8221; e &#8220;responsabile&#8221; del trattamento, ai sensi dell\u2019articolo 13 del GDPR, fornisce le informazioni contenute nel\/i documento\/i PDF sotto allegato\/i:<\/p>\n<p>&nbsp;<\/p>\n<h4 class=\"generic-title\">Responsabile della protezione dei dati (DPO)<\/h4>\n<p>Il <abbr title=\"Data Protection Officer\">DPO<\/abbr> \u00e8 contattabile ai seguenti riferimenti:<\/p>\n<div class=\"div-bordered detail-attach mb-3 p-3\">Nome e cognome: Vittordavide FRISON<br \/>\nTelefono: <a href=\"tel:39016647134\">(+39) 0166.47134<\/a><br \/>\nEMail: <a title=\"invia mail a segreteria@comune.chamois.ao.it\" href=\"mailto:segreteria@comune.chamois.ao.it\">segreteria@comune.chamois.ao.it<\/a><br \/>\n<abbr title=\"Posta Elettronica Certificata\">PEC<\/abbr>: <a title=\"invia mail a protocollo@pec.comune.chamois.ao.it\" href=\"mailto:protocollo@pec.comune.chamois.ao.it\">protocollo@pec.comune.chamois.ao.it<\/a><\/div>\n<p><small>ePublic S.r.l., in quanto fornitore del sito web, pu\u00f2 avere accesso ai dati acquisiti attraverso i Servizi online offerti dal sito web (se presenti) per la sola finalit\u00e0 di assistenza tecnica e\/o manutenzione, nel rispetto dell&#8217;informativa resa dal titolare.<\/small><\/p>\n<p><small>Genesys Informatica S.r.l., in quanto gestore dei servizi web, soddisfa i requisiti enunciati nell\u2019articolo 28 del Reg. Eu. 679\/16, verificabili alla pagina <a href=\"https:\/\/www.hostingsolutions.it\/azienda\/gdpr-normativa-europea-dati-personali.php\" target=\"_blank\" rel=\"noopener\">GDPR Compliance e Protezione dei dati personali<\/a>.<\/small><\/p>\n<p>&nbsp;<\/p>\n<h3 id=\"Cookies\">Cookies policy<\/h3>\n<p>La presente Cookie Policy \u00e8 parte integrante della Privacy Policy sopra descritta<\/p>\n<p>In ottemperanza al <a href=\"http:\/\/www.garanteprivacy.it\/web\/guest\/home\/docweb\/-\/docweb-display\/docweb\/3118884\" target=\"_blank\" rel=\"noopener\">provvedimento n. 229 dell&#8217;8 maggio 2014 del Garante della Privacy<\/a> (Individuazione delle modalit\u00e0 semplificate per l&#8217;informativa e l&#8217;acquisizione del consenso per l&#8217;uso dei cookie &#8211; 8 maggio 2014, Pubblicato sulla Gazzetta Ufficiale n. 126 del 3 giugno 2014), si precisa che Il sito utilizza alcuni cookies per rendere i propri servizi semplici da navigare e fruire in modo efficiente delle pagine web. I cookies utilizzati consentono inoltre di migliorare il servizio reso agli utenti, rendendo pi\u00f9 efficace l\u2019uso dello stesso e\/o abilitando determinate funzionalit\u00e0.<\/p>\n<p>&nbsp;<\/p>\n<h4 class=\"generic-title\">Tipologia e finalit\u00e0 dei cookies<\/h4>\n<h5>Cookies di prima parte<\/h5>\n<p>Sono utilizzati i seguenti cookies tecnici gestiti direttamente dal sito:<\/p>\n<ul>\n<li><strong>Cookies di sessione\/navigazione<\/strong> strettamente necessari per consentire la navigazione da parte dell\u2019utente e in assenza di tali cookies, il sito web non potrebbe funzionare correttamente. L\u2019uso di cookies di sessione (che non vengono memorizzati in modo persistente sul computer dell\u2019utente e svaniscono con la chiusura del browser) \u00e8 strettamente limitato alla trasmissione di identificativi di sessione (costituiti da numeri casuali generati dal server) necessari per consentire l\u2019esplorazione sicura ed efficiente del sito. I cookies di sessione utilizzati in questo sito evitano il ricorso ad altre tecniche informatiche potenzialmente pregiudizievoli per la riservatezza della navigazione degli utenti e non consentono l\u2019acquisizione di dati personali identificativi dell\u2019utente;<\/li>\n<li><strong>Cookies per la memorizzazione delle preferenze<\/strong> utilizzati per migliorare l\u2019esperienza di navigazione delle pagine web in funzione di una serie di criteri selezionati. In particolare sono utilizzati per tenere traccia di alcune preferenze espresse dall\u2019utente (es: informazioni relative alla lingua);<\/li>\n<\/ul>\n<p>&nbsp;<\/p>\n<h5>Cookies di terze parti<\/h5>\n<p>Questa tipologia contempla funzionalit\u00e0 sviluppate da terzi, integrate all\u2019interno delle pagine del sito ma non gestite direttamente:<\/p>\n<ul>\n<li><strong>Cookies analitici\/di monitoraggio<\/strong> utilizzati per collezionare informazioni sull\u2019uso del sito. Nello specifico vengono utilizzati per raccogliere informazioni, in forma aggregata, sul numero degli utenti e su come gli stessi visitano il sito. Il gestore del sito user\u00e0 queste informazioni per effettuare analisi statistiche anonime al fine di migliorare l\u2019utilizzo del sito e per rendere i contenuti pi\u00f9 interessanti e attinenti ai desideri dell\u2019utenza. L&#8217;eventuale disabilitazione di questi cookies sulla postazione utente non influenza l&#8217;interazione con il sito.<\/li>\n<li><strong>Cookies di social network<\/strong> che consentono di condividere, anche con altri utenti, i contenuti del sito o di manifestare la vostra opinione in merito attraverso i Social Network come ad esempio Facebook.<\/li>\n<\/ul>\n<p>La presenza di queste funzionalit\u00e0 comporta la trasmissione di cookies da e verso tutti i siti gestiti da terze parti. La gestione delle informazioni raccolte da \u201cterze parti\u201d \u00e8 disciplinata dalle relative informative cui si prega di fare riferimento:<\/p>\n<ul>\n<li>Addthis: <a href=\"http:\/\/www.addthis.com\/privacy\/privacy-policy\" target=\"_blank\" rel=\"noopener\">www.addthis.com\/privacy\/privacy-policy<\/a><\/li>\n<li>Google Analytics: <a href=\"https:\/\/policies.google.com\/privacy?hl=it\" target=\"_blank\" rel=\"noopener\">policies.google.com\/privacy?hl=it<\/a><\/li>\n<li>Shinystats: <a href=\"https:\/\/www.shinystat.com\/it\/informativa_privacy_generale.html\" target=\"_blank\" rel=\"noopener\">www.shinystat.com\/it\/informativa_privacy_generale.html<\/a><\/li>\n<li>Statistiche.it: <a href=\"http:\/\/www.statistiche.it\/privacy.php\" target=\"_blank\" rel=\"noopener\">www.statistiche.it\/privacy.php<\/a><\/li>\n<\/ul>\n<p>La disattivazione dei cookies di terze parti \u00e8 possibile attraverso le modalit\u00e0 rese disponibili direttamente dalla societ\u00e0 terza titolare per detto trattamento.<\/p>\n<p>L&#8217;utente pu\u00f2 gestire i cookies anche attraverso le impostazioni del browser. Tuttavia, cancellando i cookies dal browser potrebbe rimuovere le proprie preferenze impostate per il sito.<br \/>\nPer ulteriori informazioni \u00e8 possibile visitare la pagina di supporto specifica del browser che si sta utilizzando:<\/p>\n<ul>\n<li>Internet Explorer: <a href=\"https:\/\/support.microsoft.com\/it-it\/help\/17442\/windows-internet-explorer-delete-manage-cookies\" target=\"_blank\" rel=\"noopener\">support.microsoft.com<\/a><\/li>\n<li>Firefox: <a href=\"https:\/\/support.mozilla.org\/it\/kb\/Attivare%20e%20disattivare%20i%20cookie\" target=\"_blank\" rel=\"noopener\">support.mozilla.org<\/a><\/li>\n<li>Safari: <a href=\"https:\/\/www.apple.com\/legal\/privacy\/it\/\" target=\"_blank\" rel=\"noopener\">www.apple.com<\/a><\/li>\n<li>Chrome: <a href=\"https:\/\/support.google.com\/accounts\/answer\/61416?hl=it\" target=\"_blank\" rel=\"noopener\">support.google.com<\/a><\/li>\n<li>Opera: <a href=\"https:\/\/www.opera.com\/help\/tutorials\/security\/cookies\/\" target=\"_blank\" rel=\"noopener\">www.opera.com<\/a><\/li>\n<\/ul>\n<div class=\"mt-4\"><small>In vigore dal 25 maggio 2018 (ultimo aggiornamento: 16 luglio 2018)<\/small><\/div>\n<p>[\/et_pb_text][\/et_pb_column][\/et_pb_row][\/et_pb_section]<\/p>\n","protected":false},"excerpt":{"rendered":"<p>[et_pb_section bb_built=&#8221;1&#8243; _builder_version=&#8221;3.9&#8243; max_width_last_edited=&#8221;on|phone&#8221; custom_margin=&#8221;0px|||&#8221; custom_padding=&#8221;0px|0px|0px|0px&#8221;][et_pb_row use_custom_width=&#8221;on&#8221; width_unit=&#8221;off&#8221; custom_width_percent=&#8221;100%&#8221; use_custom_gutter=&#8221;on&#8221; gutter_width=&#8221;1&#8243; make_equal=&#8221;on&#8221; custom_padding_last_edited=&#8221;on|desktop&#8221; background_color_1=&#8221;#ffffff&#8221; background_color_2=&#8221;#bf1a04&#8243; padding_top_1=&#8221;60px&#8221; padding_top_2=&#8221;0px&#8221; padding_right_1=&#8221;60px&#8221; padding_right_2=&#8221;20px&#8221; padding_bottom_1=&#8221;60px&#8221; padding_bottom_2=&#8221;60px&#8221; padding_left_1=&#8221;60px&#8221; padding_left_2=&#8221;0px&#8221; padding_1_tablet=&#8221;40px|40px|40px|40px&#8221; padding_2_tablet=&#8221;40px|20px|40px|20px&#8221; padding_1_phone=&#8221;40px|5px|5px|5px&#8221; padding_2_phone=&#8221;20px|20px|20px|20px&#8221; padding_1_last_edited=&#8221;on|phone&#8221; padding_2_last_edited=&#8221;on|desktop&#8221; _builder_version=&#8221;3.9&#8243; module_alignment=&#8221;left&#8221; custom_margin_last_edited=&#8221;on|phone&#8221; custom_css_main_element=&#8221;width: 100%!important;&#8221; background_position=&#8221;top_left&#8221; background_repeat=&#8221;repeat&#8221; background_size=&#8221;initial&#8221;][et_pb_column type=&#8221;4_4&#8243;][et_pb_text admin_label=&#8221;COOKIES&#8221; _builder_version=&#8221;3.9&#8243; text_font_size=&#8221;40px&#8221; header_font_size_tablet=&#8221;40px&#8221; header_font_size_phone=&#8221;30px&#8221; header_font_size_last_edited=&#8221;on|desktop&#8221; header_2_font=&#8221;|300|||||||&#8221; header_2_text_color=&#8221;#ffffff&#8221; header_2_font_size=&#8221;40px&#8221; custom_margin=&#8221;||60px|&#8221; custom_css_main_element=&#8221;width:100%!important;&#8221;] PRIVACY AND COOKIES [\/et_pb_text][et_pb_text _builder_version=&#8221;3.9&#8243;] In [&hellip;]<\/p>\n","protected":false},"author":1,"featured_media":0,"parent":0,"menu_order":0,"comment_status":"closed","ping_status":"open","template":"","meta":{"_et_pb_use_builder":"o","_et_pb_old_content":"","footnotes":""},"class_list":["post-5912","page","type-page","status-publish","hentry"],"_links":{"self":[{"href":"https:\/\/lovechamois.it\/en\/wp-json\/wp\/v2\/pages\/5912"}],"collection":[{"href":"https:\/\/lovechamois.it\/en\/wp-json\/wp\/v2\/pages"}],"about":[{"href":"https:\/\/lovechamois.it\/en\/wp-json\/wp\/v2\/types\/page"}],"author":[{"embeddable":true,"href":"https:\/\/lovechamois.it\/en\/wp-json\/wp\/v2\/users\/1"}],"replies":[{"embeddable":true,"href":"https:\/\/lovechamois.it\/en\/wp-json\/wp\/v2\/comments?post=5912"}],"version-history":[{"count":1,"href":"https:\/\/lovechamois.it\/en\/wp-json\/wp\/v2\/pages\/5912\/revisions"}],"predecessor-version":[{"id":5913,"href":"https:\/\/lovechamois.it\/en\/wp-json\/wp\/v2\/pages\/5912\/revisions\/5913"}],"wp:attachment":[{"href":"https:\/\/lovechamois.it\/en\/wp-json\/wp\/v2\/media?parent=5912"}],"curies":[{"name":"wp","href":"https:\/\/api.w.org\/{rel}","templated":true}]}}